{"id":413,"date":"2019-01-04T21:48:51","date_gmt":"2019-01-04T21:48:51","guid":{"rendered":"http:\/\/imkerei-herweck.de\/?page_id=413"},"modified":"2025-03-12T15:25:21","modified_gmt":"2025-03-12T15:25:21","slug":"sattelfest-auf-dem-zellertalradweg","status":"publish","type":"page","link":"https:\/\/imkerei-herweck.de\/?page_id=413","title":{"rendered":"&#8222;Sattelfest auf dem Zellertalradweg&#8220;"},"content":{"rendered":"\t\t<div data-elementor-type=\"wp-page\" data-elementor-id=\"413\" class=\"elementor elementor-413\">\n\t\t\t\t\t\t<section class=\"elementor-section elementor-top-section elementor-element elementor-element-ede191e elementor-section-full_width elementor-section-height-default elementor-section-height-default\" data-id=\"ede191e\" data-element_type=\"section\">\n\t\t\t\t\t\t<div class=\"elementor-container elementor-column-gap-default\">\n\t\t\t\t\t<div class=\"elementor-column elementor-col-100 elementor-top-column elementor-element elementor-element-4cde4e8\" data-id=\"4cde4e8\" data-element_type=\"column\">\n\t\t\t<div class=\"elementor-widget-wrap elementor-element-populated\">\n\t\t\t\t\t\t<div class=\"elementor-element elementor-element-9f1efa3 elementor-widget elementor-widget-heading\" data-id=\"9f1efa3\" data-element_type=\"widget\" data-widget_type=\"heading.default\">\n\t\t\t\t<div class=\"elementor-widget-container\">\n\t\t\t<h1 class=\"elementor-heading-title elementor-size-default\">Das \"Sattelfest\" im Jahr 2025 findet am 14. September statt!<\/h1>\t\t<\/div>\n\t\t\t\t<\/div>\n\t\t\t\t\t<\/div>\n\t\t<\/div>\n\t\t\t\t\t<\/div>\n\t\t<\/section>\n\t\t\t\t<section class=\"elementor-section elementor-top-section elementor-element elementor-element-f86b930 elementor-section-boxed elementor-section-height-default elementor-section-height-default\" data-id=\"f86b930\" data-element_type=\"section\">\n\t\t\t\t\t\t<div class=\"elementor-container elementor-column-gap-default\">\n\t\t\t\t\t<div class=\"elementor-column elementor-col-100 elementor-top-column elementor-element elementor-element-c284bc2\" data-id=\"c284bc2\" data-element_type=\"column\">\n\t\t\t<div class=\"elementor-widget-wrap elementor-element-populated\">\n\t\t\t\t\t\t<div class=\"elementor-element elementor-element-a19df0c elementor-widget elementor-widget-heading\" data-id=\"a19df0c\" data-element_type=\"widget\" data-widget_type=\"heading.default\">\n\t\t\t\t<div class=\"elementor-widget-container\">\n\t\t\t<h1 class=\"elementor-heading-title elementor-size-default\">Das Zellertal, bekannt f\u00fcr seine malerische Landschaft und hervorragenden Weine, l\u00e4dt zum Sattelfest 2024 ein. Dieses Fest ist eine perfekte Gelegenheit, die lokale Weinkultur zu erleben, wo Winzer ihre besten Tropfen pr\u00e4sentieren. Besucher k\u00f6nnen sich auf eine gute Stimmung und eine famili\u00e4re Atmosph\u00e4re freuen, w\u00e4hrend sie den einzigartigen \"Zellertal Secco\" genie\u00dfen. Das Sattelfest bietet eine wunderbare Plattform, um die Gemeinschaft zu st\u00e4rken, die Sch\u00f6nheit der Region zu feiern und die kulinarischen Gen\u00fcsse zu entdecken, die das Zellertal zu bieten hat. Es ist ein Ereignis, das sowohl Einheimische als auch Besucher aus der Ferne anzieht und verbindet.<\/h1>\t\t<\/div>\n\t\t\t\t<\/div>\n\t\t\t\t\t<\/div>\n\t\t<\/div>\n\t\t\t\t\t<\/div>\n\t\t<\/section>\n\t\t\t\t<section class=\"elementor-section elementor-top-section elementor-element elementor-element-620ac34 elementor-section-full_width elementor-section-height-default elementor-section-height-default\" data-id=\"620ac34\" data-element_type=\"section\">\n\t\t\t\t\t\t<div class=\"elementor-container elementor-column-gap-default\">\n\t\t\t\t\t<div class=\"elementor-column elementor-col-100 elementor-top-column elementor-element elementor-element-1f4ba20\" data-id=\"1f4ba20\" data-element_type=\"column\">\n\t\t\t<div class=\"elementor-widget-wrap elementor-element-populated\">\n\t\t\t\t\t\t<div class=\"elementor-element elementor-element-d5d7edf elementor-widget elementor-widget-image\" data-id=\"d5d7edf\" data-element_type=\"widget\" data-widget_type=\"image.default\">\n\t\t\t\t<div class=\"elementor-widget-container\">\n\t\t\t\t\t\t\t\t\t\t\t\t\t<img fetchpriority=\"high\" decoding=\"async\" width=\"724\" height=\"1024\" src=\"https:\/\/imkerei-herweck.de\/wp-content\/uploads\/2024\/08\/Plakat-Sattelfest-2024_A3-Gunter-724x1024.jpg\" class=\"attachment-large size-large wp-image-837\" alt=\"\" srcset=\"https:\/\/imkerei-herweck.de\/wp-content\/uploads\/2024\/08\/Plakat-Sattelfest-2024_A3-Gunter-724x1024.jpg 724w, https:\/\/imkerei-herweck.de\/wp-content\/uploads\/2024\/08\/Plakat-Sattelfest-2024_A3-Gunter-212x300.jpg 212w, https:\/\/imkerei-herweck.de\/wp-content\/uploads\/2024\/08\/Plakat-Sattelfest-2024_A3-Gunter-768x1087.jpg 768w, https:\/\/imkerei-herweck.de\/wp-content\/uploads\/2024\/08\/Plakat-Sattelfest-2024_A3-Gunter-1086x1536.jpg 1086w, https:\/\/imkerei-herweck.de\/wp-content\/uploads\/2024\/08\/Plakat-Sattelfest-2024_A3-Gunter-1448x2048.jpg 1448w, https:\/\/imkerei-herweck.de\/wp-content\/uploads\/2024\/08\/Plakat-Sattelfest-2024_A3-Gunter.jpg 1753w\" sizes=\"(max-width: 724px) 100vw, 724px\" \/>\t\t\t\t\t\t\t\t\t\t\t\t\t<\/div>\n\t\t\t\t<\/div>\n\t\t\t\t<div class=\"elementor-element elementor-element-ab491c6 elementor-widget elementor-widget-image\" data-id=\"ab491c6\" data-element_type=\"widget\" data-widget_type=\"image.default\">\n\t\t\t\t<div class=\"elementor-widget-container\">\n\t\t\t\t\t\t\t\t\t\t\t\t\t<img decoding=\"async\" src=\"https:\/\/imkerei-herweck.de\/wp-content\/uploads\/2022\/06\/Image-Sattelfest-2022-web.jpg\" title=\"\" alt=\"\" loading=\"lazy\" \/>\t\t\t\t\t\t\t\t\t\t\t\t\t<\/div>\n\t\t\t\t<\/div>\n\t\t\t\t<div class=\"elementor-element elementor-element-2d139c5 elementor-widget elementor-widget-image\" data-id=\"2d139c5\" data-element_type=\"widget\" data-widget_type=\"image.default\">\n\t\t\t\t<div class=\"elementor-widget-container\">\n\t\t\t\t\t\t\t\t\t\t\t\t\t<img decoding=\"async\" width=\"818\" height=\"1024\" src=\"https:\/\/imkerei-herweck.de\/wp-content\/uploads\/2023\/04\/Etikett-aktiv-e.v-818x1024.jpg\" class=\"attachment-large size-large wp-image-755\" alt=\"\" srcset=\"https:\/\/imkerei-herweck.de\/wp-content\/uploads\/2023\/04\/Etikett-aktiv-e.v-818x1024.jpg 818w, https:\/\/imkerei-herweck.de\/wp-content\/uploads\/2023\/04\/Etikett-aktiv-e.v-240x300.jpg 240w, https:\/\/imkerei-herweck.de\/wp-content\/uploads\/2023\/04\/Etikett-aktiv-e.v-768x961.jpg 768w, https:\/\/imkerei-herweck.de\/wp-content\/uploads\/2023\/04\/Etikett-aktiv-e.v-1227x1536.jpg 1227w, https:\/\/imkerei-herweck.de\/wp-content\/uploads\/2023\/04\/Etikett-aktiv-e.v-1636x2048.jpg 1636w, https:\/\/imkerei-herweck.de\/wp-content\/uploads\/2023\/04\/Etikett-aktiv-e.v-scaled.jpg 2045w\" sizes=\"(max-width: 818px) 100vw, 818px\" \/>\t\t\t\t\t\t\t\t\t\t\t\t\t<\/div>\n\t\t\t\t<\/div>\n\t\t\t\t<div class=\"elementor-element elementor-element-7179000 elementor-widget elementor-widget-heading\" data-id=\"7179000\" data-element_type=\"widget\" data-widget_type=\"heading.default\">\n\t\t\t\t<div class=\"elementor-widget-container\">\n\t\t\t<h1 class=\"elementor-heading-title elementor-size-default\">Schon jetzt vormerken: <br>Sattelfest auf dem Zellertal-Radweg findet am <br>08.September 2024 statt!<\/h1>\t\t<\/div>\n\t\t\t\t<\/div>\n\t\t\t\t<div class=\"elementor-element elementor-element-1a3962b elementor-widget elementor-widget-image\" data-id=\"1a3962b\" data-element_type=\"widget\" data-widget_type=\"image.default\">\n\t\t\t\t<div class=\"elementor-widget-container\">\n\t\t\t\t\t\t\t\t\t\t\t\t\t<img decoding=\"async\" width=\"724\" height=\"1024\" src=\"https:\/\/imkerei-herweck.de\/wp-content\/uploads\/2023\/12\/Danke_bearbeitet-1-724x1024.jpg\" class=\"attachment-large size-large wp-image-801\" alt=\"\" srcset=\"https:\/\/imkerei-herweck.de\/wp-content\/uploads\/2023\/12\/Danke_bearbeitet-1-724x1024.jpg 724w, https:\/\/imkerei-herweck.de\/wp-content\/uploads\/2023\/12\/Danke_bearbeitet-1-212x300.jpg 212w, https:\/\/imkerei-herweck.de\/wp-content\/uploads\/2023\/12\/Danke_bearbeitet-1-768x1086.jpg 768w, https:\/\/imkerei-herweck.de\/wp-content\/uploads\/2023\/12\/Danke_bearbeitet-1-1086x1536.jpg 1086w, https:\/\/imkerei-herweck.de\/wp-content\/uploads\/2023\/12\/Danke_bearbeitet-1-1448x2048.jpg 1448w, https:\/\/imkerei-herweck.de\/wp-content\/uploads\/2023\/12\/Danke_bearbeitet-1.jpg 1754w\" sizes=\"(max-width: 724px) 100vw, 724px\" \/>\t\t\t\t\t\t\t\t\t\t\t\t\t<\/div>\n\t\t\t\t<\/div>\n\t\t\t\t<div class=\"elementor-element elementor-element-3d7c886 elementor-widget elementor-widget-image\" data-id=\"3d7c886\" data-element_type=\"widget\" data-widget_type=\"image.default\">\n\t\t\t\t<div class=\"elementor-widget-container\">\n\t\t\t\t\t\t\t\t\t\t\t\t\t<img loading=\"lazy\" decoding=\"async\" width=\"724\" height=\"1024\" src=\"https:\/\/imkerei-herweck.de\/wp-content\/uploads\/2023\/12\/Plakat-Sattelfest-2023-724x1024.jpg\" class=\"attachment-large size-large wp-image-804\" alt=\"\" srcset=\"https:\/\/imkerei-herweck.de\/wp-content\/uploads\/2023\/12\/Plakat-Sattelfest-2023-724x1024.jpg 724w, https:\/\/imkerei-herweck.de\/wp-content\/uploads\/2023\/12\/Plakat-Sattelfest-2023-212x300.jpg 212w, https:\/\/imkerei-herweck.de\/wp-content\/uploads\/2023\/12\/Plakat-Sattelfest-2023-768x1087.jpg 768w, https:\/\/imkerei-herweck.de\/wp-content\/uploads\/2023\/12\/Plakat-Sattelfest-2023.jpg 1046w\" sizes=\"(max-width: 724px) 100vw, 724px\" \/>\t\t\t\t\t\t\t\t\t\t\t\t\t<\/div>\n\t\t\t\t<\/div>\n\t\t\t\t<div class=\"elementor-element elementor-element-6e68d88 elementor-widget elementor-widget-text-editor\" data-id=\"6e68d88\" data-element_type=\"widget\" data-widget_type=\"text-editor.default\">\n\t\t\t\t<div class=\"elementor-widget-container\">\n\t\t\t\t\t\t\t<h1 style=\"text-align: center;\"><span style=\"text-decoration: underline;\"><span style=\"color: #ff0000; text-decoration: underline;\"><b>Das Sattelfest auf dem Zellertal-Radweg 2023 findet am<\/b><\/span><\/span><\/h1>\n<h1 style=\"text-align: center;\"><span style=\"text-decoration: underline;\"><span style=\"color: #ff0000; text-decoration: underline;\"><b>10. September statt!<\/b><\/span><\/span><\/h1>\n<div>\u00a0<\/div>\n<p><a href=\"https:\/\/imkerei-herweck.de\/wp-content\/uploads\/2022\/06\/Image-Sattelfest-2022-web.jpg\"><img loading=\"lazy\" decoding=\"async\" class=\"wp-image-702 aligncenter\" src=\"https:\/\/imkerei-herweck.de\/wp-content\/uploads\/2022\/06\/Image-Sattelfest-2022-web-300x200.jpg\" alt=\"\" width=\"242\" height=\"161\" \/><\/a><\/p>\t\t\t\t\t\t<\/div>\n\t\t\t\t<\/div>\n\t\t\t\t\t<\/div>\n\t\t<\/div>\n\t\t\t\t\t<\/div>\n\t\t<\/section>\n\t\t\t\t<section class=\"elementor-section elementor-top-section elementor-element elementor-element-2fe8406 elementor-section-boxed elementor-section-height-default elementor-section-height-default\" data-id=\"2fe8406\" data-element_type=\"section\">\n\t\t\t\t\t\t<div class=\"elementor-container elementor-column-gap-default\">\n\t\t\t\t\t<div class=\"elementor-column elementor-col-100 elementor-top-column elementor-element elementor-element-fb9646e\" data-id=\"fb9646e\" data-element_type=\"column\">\n\t\t\t<div class=\"elementor-widget-wrap elementor-element-populated\">\n\t\t\t\t\t\t<div class=\"elementor-element elementor-element-3c4ac92 elementor-widget elementor-widget-heading\" data-id=\"3c4ac92\" data-element_type=\"widget\" data-widget_type=\"heading.default\">\n\t\t\t\t<div class=\"elementor-widget-container\">\n\t\t\t<h1 class=\"elementor-heading-title elementor-size-default\">Sattelfest 2022 - Vielen Dank an alle, die dabei waren!<\/h1>\t\t<\/div>\n\t\t\t\t<\/div>\n\t\t\t\t\t<\/div>\n\t\t<\/div>\n\t\t\t\t\t<\/div>\n\t\t<\/section>\n\t\t\t\t<section class=\"elementor-section elementor-top-section elementor-element elementor-element-c50f81d elementor-section-boxed elementor-section-height-default elementor-section-height-default\" data-id=\"c50f81d\" data-element_type=\"section\">\n\t\t\t\t\t\t<div class=\"elementor-container elementor-column-gap-default\">\n\t\t\t\t\t<div class=\"elementor-column elementor-col-100 elementor-top-column elementor-element elementor-element-03e1c0c\" data-id=\"03e1c0c\" data-element_type=\"column\">\n\t\t\t<div class=\"elementor-widget-wrap elementor-element-populated\">\n\t\t\t\t\t\t<div class=\"elementor-element elementor-element-0dcbdeb elementor-widget elementor-widget-text-editor\" data-id=\"0dcbdeb\" data-element_type=\"widget\" data-widget_type=\"text-editor.default\">\n\t\t\t\t<div class=\"elementor-widget-container\">\n\t\t\t\t\t\t\t<h1 style=\"text-align: center;\"><a href=\"https:\/\/imkerei-herweck.de\/wp-content\/uploads\/2023\/04\/Plakat-Sattelfest-2022_bearbeitet-1.jpg\"><img loading=\"lazy\" decoding=\"async\" class=\"alignnone size-medium wp-image-750\" src=\"https:\/\/imkerei-herweck.de\/wp-content\/uploads\/2023\/04\/Plakat-Sattelfest-2022_bearbeitet-1-212x300.jpg\" alt=\"\" width=\"212\" height=\"300\" srcset=\"https:\/\/imkerei-herweck.de\/wp-content\/uploads\/2023\/04\/Plakat-Sattelfest-2022_bearbeitet-1-212x300.jpg 212w, https:\/\/imkerei-herweck.de\/wp-content\/uploads\/2023\/04\/Plakat-Sattelfest-2022_bearbeitet-1-724x1024.jpg 724w, https:\/\/imkerei-herweck.de\/wp-content\/uploads\/2023\/04\/Plakat-Sattelfest-2022_bearbeitet-1-768x1086.jpg 768w, https:\/\/imkerei-herweck.de\/wp-content\/uploads\/2023\/04\/Plakat-Sattelfest-2022_bearbeitet-1-1086x1536.jpg 1086w, https:\/\/imkerei-herweck.de\/wp-content\/uploads\/2023\/04\/Plakat-Sattelfest-2022_bearbeitet-1-1448x2048.jpg 1448w, https:\/\/imkerei-herweck.de\/wp-content\/uploads\/2023\/04\/Plakat-Sattelfest-2022_bearbeitet-1.jpg 1754w\" sizes=\"(max-width: 212px) 100vw, 212px\" \/><\/a><\/h1>\t\t\t\t\t\t<\/div>\n\t\t\t\t<\/div>\n\t\t\t\t\t<\/div>\n\t\t<\/div>\n\t\t\t\t\t<\/div>\n\t\t<\/section>\n\t\t\t\t<section class=\"elementor-section elementor-top-section elementor-element elementor-element-f4e2a98 elementor-section-boxed elementor-section-height-default elementor-section-height-default\" data-id=\"f4e2a98\" data-element_type=\"section\">\n\t\t\t\t\t\t<div class=\"elementor-container elementor-column-gap-default\">\n\t\t\t\t\t<div class=\"elementor-column elementor-col-100 elementor-top-column elementor-element elementor-element-e2de73d\" data-id=\"e2de73d\" data-element_type=\"column\">\n\t\t\t<div class=\"elementor-widget-wrap elementor-element-populated\">\n\t\t\t\t\t\t<div class=\"elementor-element elementor-element-eb32577 elementor-widget elementor-widget-image\" data-id=\"eb32577\" data-element_type=\"widget\" data-widget_type=\"image.default\">\n\t\t\t\t<div class=\"elementor-widget-container\">\n\t\t\t\t\t\t\t\t\t\t\t\t\t<img loading=\"lazy\" decoding=\"async\" width=\"627\" height=\"1024\" src=\"https:\/\/imkerei-herweck.de\/wp-content\/uploads\/2021\/09\/Danke-627x1024.jpg\" class=\"attachment-large size-large wp-image-684\" alt=\"\" srcset=\"https:\/\/imkerei-herweck.de\/wp-content\/uploads\/2021\/09\/Danke-627x1024.jpg 627w, https:\/\/imkerei-herweck.de\/wp-content\/uploads\/2021\/09\/Danke-184x300.jpg 184w, https:\/\/imkerei-herweck.de\/wp-content\/uploads\/2021\/09\/Danke-768x1255.jpg 768w, https:\/\/imkerei-herweck.de\/wp-content\/uploads\/2021\/09\/Danke.jpg 918w\" sizes=\"(max-width: 627px) 100vw, 627px\" \/>\t\t\t\t\t\t\t\t\t\t\t\t\t<\/div>\n\t\t\t\t<\/div>\n\t\t\t\t\t<\/div>\n\t\t<\/div>\n\t\t\t\t\t<\/div>\n\t\t<\/section>\n\t\t\t\t<section class=\"elementor-section elementor-top-section elementor-element elementor-element-f343660 elementor-section-boxed elementor-section-height-default elementor-section-height-default\" data-id=\"f343660\" data-element_type=\"section\">\n\t\t\t\t\t\t<div class=\"elementor-container elementor-column-gap-default\">\n\t\t\t\t\t<div class=\"elementor-column elementor-col-100 elementor-top-column elementor-element elementor-element-3641d06\" data-id=\"3641d06\" data-element_type=\"column\">\n\t\t\t<div class=\"elementor-widget-wrap elementor-element-populated\">\n\t\t\t\t\t\t<div class=\"elementor-element elementor-element-0f68ee1 elementor-widget elementor-widget-image\" data-id=\"0f68ee1\" data-element_type=\"widget\" data-widget_type=\"image.default\">\n\t\t\t\t<div class=\"elementor-widget-container\">\n\t\t\t\t\t\t\t\t\t\t\t\t\t<img loading=\"lazy\" decoding=\"async\" width=\"512\" height=\"1024\" src=\"https:\/\/imkerei-herweck.de\/wp-content\/uploads\/2021\/09\/Flyer-ein-Bild-mit-Sattel-klein-512x1024.jpg\" class=\"attachment-large size-large wp-image-689\" alt=\"\" srcset=\"https:\/\/imkerei-herweck.de\/wp-content\/uploads\/2021\/09\/Flyer-ein-Bild-mit-Sattel-klein-512x1024.jpg 512w, https:\/\/imkerei-herweck.de\/wp-content\/uploads\/2021\/09\/Flyer-ein-Bild-mit-Sattel-klein-150x300.jpg 150w, https:\/\/imkerei-herweck.de\/wp-content\/uploads\/2021\/09\/Flyer-ein-Bild-mit-Sattel-klein-768x1536.jpg 768w, https:\/\/imkerei-herweck.de\/wp-content\/uploads\/2021\/09\/Flyer-ein-Bild-mit-Sattel-klein.jpg 950w\" sizes=\"(max-width: 512px) 100vw, 512px\" \/>\t\t\t\t\t\t\t\t\t\t\t\t\t<\/div>\n\t\t\t\t<\/div>\n\t\t\t\t\t<\/div>\n\t\t<\/div>\n\t\t\t\t\t<\/div>\n\t\t<\/section>\n\t\t\t\t<section class=\"elementor-section elementor-top-section elementor-element elementor-element-e41c646 elementor-section-boxed elementor-section-height-default elementor-section-height-default\" data-id=\"e41c646\" data-element_type=\"section\">\n\t\t\t\t\t\t<div class=\"elementor-container elementor-column-gap-default\">\n\t\t\t\t\t<div class=\"elementor-column elementor-col-100 elementor-top-column elementor-element elementor-element-9f87536\" data-id=\"9f87536\" data-element_type=\"column\">\n\t\t\t<div class=\"elementor-widget-wrap elementor-element-populated\">\n\t\t\t\t\t\t<div class=\"elementor-element elementor-element-a4f17b4 elementor-widget elementor-widget-image\" data-id=\"a4f17b4\" data-element_type=\"widget\" data-widget_type=\"image.default\">\n\t\t\t\t<div class=\"elementor-widget-container\">\n\t\t\t\t\t\t\t\t\t\t\t\t\t<img loading=\"lazy\" decoding=\"async\" width=\"683\" height=\"1024\" src=\"https:\/\/imkerei-herweck.de\/wp-content\/uploads\/2021\/08\/Sattelfest-Plakat-2021-683x1024.jpg\" class=\"attachment-large size-large wp-image-677\" alt=\"\" srcset=\"https:\/\/imkerei-herweck.de\/wp-content\/uploads\/2021\/08\/Sattelfest-Plakat-2021-683x1024.jpg 683w, https:\/\/imkerei-herweck.de\/wp-content\/uploads\/2021\/08\/Sattelfest-Plakat-2021-200x300.jpg 200w, https:\/\/imkerei-herweck.de\/wp-content\/uploads\/2021\/08\/Sattelfest-Plakat-2021-768x1152.jpg 768w, https:\/\/imkerei-herweck.de\/wp-content\/uploads\/2021\/08\/Sattelfest-Plakat-2021-1024x1536.jpg 1024w, https:\/\/imkerei-herweck.de\/wp-content\/uploads\/2021\/08\/Sattelfest-Plakat-2021-1365x2048.jpg 1365w, https:\/\/imkerei-herweck.de\/wp-content\/uploads\/2021\/08\/Sattelfest-Plakat-2021-scaled.jpg 1707w\" sizes=\"(max-width: 683px) 100vw, 683px\" \/>\t\t\t\t\t\t\t\t\t\t\t\t\t<\/div>\n\t\t\t\t<\/div>\n\t\t\t\t<div class=\"elementor-element elementor-element-e5d2865 elementor-widget elementor-widget-text-editor\" data-id=\"e5d2865\" data-element_type=\"widget\" data-widget_type=\"text-editor.default\">\n\t\t\t\t<div class=\"elementor-widget-container\">\n\t\t\t\t\t\t\t<h2><b>Das Sattel<\/b>f<b>est 2020 musste leider ausfallen!<\/b><\/h2>\t\t\t\t\t\t<\/div>\n\t\t\t\t<\/div>\n\t\t\t\t\t<\/div>\n\t\t<\/div>\n\t\t\t\t\t<\/div>\n\t\t<\/section>\n\t\t\t\t<section class=\"elementor-section elementor-top-section elementor-element elementor-element-5218a42 elementor-section-boxed elementor-section-height-default elementor-section-height-default\" data-id=\"5218a42\" data-element_type=\"section\">\n\t\t\t\t\t\t<div class=\"elementor-container elementor-column-gap-default\">\n\t\t\t\t\t<div class=\"elementor-column elementor-col-100 elementor-top-column elementor-element elementor-element-088cdeb\" data-id=\"088cdeb\" data-element_type=\"column\">\n\t\t\t<div class=\"elementor-widget-wrap elementor-element-populated\">\n\t\t\t\t\t\t<div class=\"elementor-element elementor-element-a974f2d elementor-widget elementor-widget-image\" data-id=\"a974f2d\" data-element_type=\"widget\" data-widget_type=\"image.default\">\n\t\t\t\t<div class=\"elementor-widget-container\">\n\t\t\t\t\t\t\t\t\t\t\t\t\t<img loading=\"lazy\" decoding=\"async\" width=\"722\" height=\"1024\" src=\"https:\/\/imkerei-herweck.de\/wp-content\/uploads\/2020\/01\/Flyer-Sattelfest-2019-QR2-722x1024.jpg\" class=\"attachment-large size-large wp-image-542\" alt=\"\" srcset=\"https:\/\/imkerei-herweck.de\/wp-content\/uploads\/2020\/01\/Flyer-Sattelfest-2019-QR2-722x1024.jpg 722w, https:\/\/imkerei-herweck.de\/wp-content\/uploads\/2020\/01\/Flyer-Sattelfest-2019-QR2-211x300.jpg 211w, https:\/\/imkerei-herweck.de\/wp-content\/uploads\/2020\/01\/Flyer-Sattelfest-2019-QR2-768x1090.jpg 768w, https:\/\/imkerei-herweck.de\/wp-content\/uploads\/2020\/01\/Flyer-Sattelfest-2019-QR2.jpg 874w\" sizes=\"(max-width: 722px) 100vw, 722px\" \/>\t\t\t\t\t\t\t\t\t\t\t\t\t<\/div>\n\t\t\t\t<\/div>\n\t\t\t\t\t<\/div>\n\t\t<\/div>\n\t\t\t\t\t<\/div>\n\t\t<\/section>\n\t\t\t\t<section class=\"elementor-section elementor-top-section elementor-element elementor-element-787955ff elementor-section-boxed elementor-section-height-default elementor-section-height-default\" data-id=\"787955ff\" data-element_type=\"section\">\n\t\t\t\t\t\t<div class=\"elementor-container elementor-column-gap-default\">\n\t\t\t\t\t<div class=\"elementor-column elementor-col-100 elementor-top-column elementor-element elementor-element-155448af\" data-id=\"155448af\" data-element_type=\"column\">\n\t\t\t<div class=\"elementor-widget-wrap elementor-element-populated\">\n\t\t\t\t\t\t<div class=\"elementor-element elementor-element-72cbdc09 elementor-widget elementor-widget-text-editor\" data-id=\"72cbdc09\" data-element_type=\"widget\" data-widget_type=\"text-editor.default\">\n\t\t\t\t<div class=\"elementor-widget-container\">\n\t\t\t\t\t\t\t<p><!-- wp:paragraph {\"customFontSize\":47} --><\/p>\n<p><!-- \/wp:paragraph --><\/p>\n<p><!-- wp:image {\"id\":414} --><\/p>\n<figure class=\"wp-block-image\"><img loading=\"lazy\" decoding=\"async\" width=\"1024\" height=\"294\" class=\"wp-image-414\" src=\"https:\/\/imkerei-herweck.de\/wp-content\/uploads\/2019\/01\/Header-Radfahren-1500x430-1024x294.jpg\" alt=\"\" srcset=\"https:\/\/imkerei-herweck.de\/wp-content\/uploads\/2019\/01\/Header-Radfahren-1500x430-1024x294.jpg 1024w, https:\/\/imkerei-herweck.de\/wp-content\/uploads\/2019\/01\/Header-Radfahren-1500x430-300x86.jpg 300w, https:\/\/imkerei-herweck.de\/wp-content\/uploads\/2019\/01\/Header-Radfahren-1500x430-768x220.jpg 768w, https:\/\/imkerei-herweck.de\/wp-content\/uploads\/2019\/01\/Header-Radfahren-1500x430.jpg 1500w\" sizes=\"(max-width: 1024px) 100vw, 1024px\" \/><\/figure>\n<p><!-- \/wp:image --><\/p>\n<p><!-- wp:heading {\"level\":1} --><\/p>\n<h1>Fahrradspa\u00df im Zellertal<\/h1>\n<p><!-- \/wp:heading --><\/p>\n<p><!-- wp:paragraph --><\/p>\n<p>Sattelfest 2018: Zuspruch toppt alle bisherige Auflagen<\/p>\n<p><!-- \/wp:paragraph --><\/p>\n<p><!-- wp:paragraph --><\/p>\n<p>Fu\u00dfg\u00e4nger hatten es schwer unter den vielen Radler in den Orten entlang des Zellertal Radweges zwischen Monsheim und Marnheim. Zum vierten Mal initiierte der Verein \u201eZellertal-aktiv\u201c das \u201eSattelfest\u201c und die Radfahrer folgten der Einladung in gro\u00dfer Zahl. Schlie\u00dflich passte das Angebot sowohl f\u00fcr Familienradler als auch sportlich Ambitionierte: Immer der Pfrimm folgend, abseits der Verkehrsstr\u00f6me, eine abwechslungsreiche Landschaft und jede Menge Einkehrm\u00f6glichkeiten. Und wer es sportlich mag, zweigte von der markierten Strecke ab und stellte sich den Anstiegen in die Berggemeinden entlang der Panoramastra\u00dfe. Verirren konnte sich niemand. Einfach den Vorausfahrenden, der offiziellen Beschilderung oder den gr\u00fcnen Zusatzmarkierungen folgen. Und dank QR-Code waren alle Details der Strecke problemlos abrufbar.<\/p>\n<p><!-- \/wp:paragraph --><\/p>\n<p><!-- wp:paragraph --><\/p>\n<p>\u201eMit den E-Bikes schaffen wir die gesamte Strecke locker\u201c h\u00f6rte man aus der Seniorengruppe, die sich am Wachenheimer Ortseingang sammelte, w\u00e4hrend eine Radanf\u00e4ngerin und ihre Eltern \u00fcberlegten, wo sie ihre n\u00e4chste Rast einlegen. Die Auswahl war mit mehr als 20 M\u00f6glichkeiten gro\u00df. Einkehr in einem der Winzerh\u00f6fe oder beim Obstbauern, im Caf\u00e9, am Vereinsstand an der Pfrimm, auf einen Kerweplatz oder lieber eine der Ausstellungen besuchen? Alle fanden ihren Lieblingsplatz, denn \u00fcberall waren viele R\u00e4der geparkt und die Tische restlos besetzt.Offenbar hatte sich die Veranstaltung weit herumgesprochen, denn schon am Zungenschlag der G\u00e4ste h\u00f6rte man, woher sie kamen. Hessisch, badisch, vorder- un hinnerp\u00e4lzisch und nicht zuletzt rhoihessisch in allen Schattierungen war zu h\u00f6ren. Wir kommen wieder! Das war ein oft geh\u00f6rter Satz, der die Organisatoren freuen d\u00fcrfte. Schlie\u00dflich ist das Sattelfest ein Mosaikstein in den seit Jahren anhaltenden Bem\u00fchungen des Zellertales, G\u00e4ste mit besonderen Angeboten zu begeistern.<\/p>\n<p><!-- \/wp:paragraph --><\/p>\t\t\t\t\t\t<\/div>\n\t\t\t\t<\/div>\n\t\t\t\t\t<\/div>\n\t\t<\/div>\n\t\t\t\t\t<\/div>\n\t\t<\/section>\n\t\t\t\t<section class=\"elementor-section elementor-top-section elementor-element elementor-element-478c825 elementor-section-boxed elementor-section-height-default elementor-section-height-default\" data-id=\"478c825\" data-element_type=\"section\">\n\t\t\t\t\t\t<div class=\"elementor-container elementor-column-gap-default\">\n\t\t\t\t\t<div class=\"elementor-column elementor-col-100 elementor-top-column elementor-element elementor-element-5c3311f\" data-id=\"5c3311f\" data-element_type=\"column\">\n\t\t\t<div class=\"elementor-widget-wrap\">\n\t\t\t\t\t\t\t<\/div>\n\t\t<\/div>\n\t\t\t\t\t<\/div>\n\t\t<\/section>\n\t\t\t\t<\/div>\n\t\t","protected":false},"excerpt":{"rendered":"<p>Das &#8222;Sattelfest&#8220; im Jahr 2025 findet am 14. September statt! Das Zellertal, bekannt f\u00fcr seine malerische Landschaft und hervorragenden Weine, l\u00e4dt zum Sattelfest 2024 ein. Dieses Fest ist eine perfekte Gelegenheit, die lokale Weinkultur zu&#8230;<\/p>\n","protected":false},"author":3,"featured_media":0,"parent":0,"menu_order":0,"comment_status":"closed","ping_status":"closed","template":"page-full.php","meta":[],"_links":{"self":[{"href":"https:\/\/imkerei-herweck.de\/index.php?rest_route=\/wp\/v2\/pages\/413"}],"collection":[{"href":"https:\/\/imkerei-herweck.de\/index.php?rest_route=\/wp\/v2\/pages"}],"about":[{"href":"https:\/\/imkerei-herweck.de\/index.php?rest_route=\/wp\/v2\/types\/page"}],"author":[{"embeddable":true,"href":"https:\/\/imkerei-herweck.de\/index.php?rest_route=\/wp\/v2\/users\/3"}],"replies":[{"embeddable":true,"href":"https:\/\/imkerei-herweck.de\/index.php?rest_route=%2Fwp%2Fv2%2Fcomments&post=413"}],"version-history":[{"count":104,"href":"https:\/\/imkerei-herweck.de\/index.php?rest_route=\/wp\/v2\/pages\/413\/revisions"}],"predecessor-version":[{"id":870,"href":"https:\/\/imkerei-herweck.de\/index.php?rest_route=\/wp\/v2\/pages\/413\/revisions\/870"}],"wp:attachment":[{"href":"https:\/\/imkerei-herweck.de\/index.php?rest_route=%2Fwp%2Fv2%2Fmedia&parent=413"}],"curies":[{"name":"wp","href":"https:\/\/api.w.org\/{rel}","templated":true}]}}