{"id":385,"date":"2019-01-04T20:04:28","date_gmt":"2019-01-04T20:04:28","guid":{"rendered":"http:\/\/imkerei-herweck.de\/?page_id=385"},"modified":"2023-04-07T16:53:48","modified_gmt":"2023-04-07T16:53:48","slug":"z-secco","status":"publish","type":"page","link":"https:\/\/imkerei-herweck.de\/?page_id=385","title":{"rendered":"Z-Secco- Botschafter des Tals"},"content":{"rendered":"\t\t<div data-elementor-type=\"wp-post\" data-elementor-id=\"385\" class=\"elementor elementor-385\">\n\t\t\t\t\t\t<section class=\"elementor-section elementor-top-section elementor-element elementor-element-aa81692 elementor-section-boxed elementor-section-height-default elementor-section-height-default\" data-id=\"aa81692\" data-element_type=\"section\">\n\t\t\t\t\t\t<div class=\"elementor-container elementor-column-gap-default\">\n\t\t\t\t\t<div class=\"elementor-column elementor-col-100 elementor-top-column elementor-element elementor-element-e68be24\" data-id=\"e68be24\" data-element_type=\"column\">\n\t\t\t<div class=\"elementor-widget-wrap elementor-element-populated\">\n\t\t\t\t\t\t<div class=\"elementor-element elementor-element-e95d763 elementor-widget elementor-widget-heading\" data-id=\"e95d763\" data-element_type=\"widget\" data-widget_type=\"heading.default\">\n\t\t\t\t<div class=\"elementor-widget-container\">\n\t\t\t<h1 class=\"elementor-heading-title elementor-size-default\">Das neue Etikett wurde 2023 von der Weinkontrolle genehmigt!<br>Auch dieses Etikett wurde von dem K\u00fcnstler Detlof Graf von Borries aus Zellertal entworfen.<\/h1>\t\t<\/div>\n\t\t\t\t<\/div>\n\t\t\t\t\t<\/div>\n\t\t<\/div>\n\t\t\t\t\t<\/div>\n\t\t<\/section>\n\t\t\t\t<section class=\"elementor-section elementor-top-section elementor-element elementor-element-d9b390f elementor-section-boxed elementor-section-height-default elementor-section-height-default\" data-id=\"d9b390f\" data-element_type=\"section\">\n\t\t\t\t\t\t<div class=\"elementor-container elementor-column-gap-default\">\n\t\t\t\t\t<div class=\"elementor-column elementor-col-100 elementor-top-column elementor-element elementor-element-50e7eb3\" data-id=\"50e7eb3\" data-element_type=\"column\">\n\t\t\t<div class=\"elementor-widget-wrap elementor-element-populated\">\n\t\t\t\t\t\t<div class=\"elementor-element elementor-element-404c9a4 elementor-widget elementor-widget-image\" data-id=\"404c9a4\" data-element_type=\"widget\" data-widget_type=\"image.default\">\n\t\t\t\t<div class=\"elementor-widget-container\">\n\t\t\t\t\t\t\t\t\t\t\t\t\t<img decoding=\"async\" width=\"818\" height=\"1024\" src=\"https:\/\/imkerei-herweck.de\/wp-content\/uploads\/2023\/04\/Etikett-aktiv-e.v-818x1024.jpg\" class=\"attachment-large size-large wp-image-755\" alt=\"\" srcset=\"https:\/\/imkerei-herweck.de\/wp-content\/uploads\/2023\/04\/Etikett-aktiv-e.v-818x1024.jpg 818w, https:\/\/imkerei-herweck.de\/wp-content\/uploads\/2023\/04\/Etikett-aktiv-e.v-240x300.jpg 240w, https:\/\/imkerei-herweck.de\/wp-content\/uploads\/2023\/04\/Etikett-aktiv-e.v-768x961.jpg 768w, https:\/\/imkerei-herweck.de\/wp-content\/uploads\/2023\/04\/Etikett-aktiv-e.v-1227x1536.jpg 1227w, https:\/\/imkerei-herweck.de\/wp-content\/uploads\/2023\/04\/Etikett-aktiv-e.v-1636x2048.jpg 1636w, https:\/\/imkerei-herweck.de\/wp-content\/uploads\/2023\/04\/Etikett-aktiv-e.v-scaled.jpg 2045w\" sizes=\"(max-width: 818px) 100vw, 818px\" \/>\t\t\t\t\t\t\t\t\t\t\t\t\t<\/div>\n\t\t\t\t<\/div>\n\t\t\t\t\t<\/div>\n\t\t<\/div>\n\t\t\t\t\t<\/div>\n\t\t<\/section>\n\t\t\t\t<section class=\"elementor-section elementor-top-section elementor-element elementor-element-f5d8aa8 elementor-section-boxed elementor-section-height-default elementor-section-height-default\" data-id=\"f5d8aa8\" data-element_type=\"section\">\n\t\t\t\t\t\t<div class=\"elementor-container elementor-column-gap-default\">\n\t\t\t\t\t<div class=\"elementor-column elementor-col-100 elementor-top-column elementor-element elementor-element-64e7c7e\" data-id=\"64e7c7e\" data-element_type=\"column\">\n\t\t\t<div class=\"elementor-widget-wrap elementor-element-populated\">\n\t\t\t\t\t\t<div class=\"elementor-element elementor-element-5aaaa2d elementor-widget elementor-widget-wp-widget-media_image\" data-id=\"5aaaa2d\" data-element_type=\"widget\" data-widget_type=\"wp-widget-media_image.default\">\n\t\t\t\t<div class=\"elementor-widget-container\">\n\t\t\t<img loading=\"lazy\" width=\"300\" height=\"200\" src=\"https:\/\/imkerei-herweck.de\/wp-content\/uploads\/2019\/01\/20151018-Z-Secco-006-klein-300x200.jpg\" class=\"image wp-image-388  attachment-medium size-medium\" alt=\"\" decoding=\"async\" style=\"max-width: 100%; height: auto;\" srcset=\"https:\/\/imkerei-herweck.de\/wp-content\/uploads\/2019\/01\/20151018-Z-Secco-006-klein-300x200.jpg 300w, https:\/\/imkerei-herweck.de\/wp-content\/uploads\/2019\/01\/20151018-Z-Secco-006-klein-768x511.jpg 768w, https:\/\/imkerei-herweck.de\/wp-content\/uploads\/2019\/01\/20151018-Z-Secco-006-klein.jpg 1000w\" sizes=\"(max-width: 300px) 100vw, 300px\" \/>\t\t<\/div>\n\t\t\t\t<\/div>\n\t\t\t\t<div class=\"elementor-element elementor-element-c35f157 elementor-widget elementor-widget-wp-widget-text\" data-id=\"c35f157\" data-element_type=\"widget\" data-widget_type=\"wp-widget-text.default\">\n\t\t\t\t<div class=\"elementor-widget-container\">\n\t\t\t\t\t\t<div class=\"textwidget\"><h1><a href=\"https:\/\/imkerei-herweck.de\/wp-content\/uploads\/2021\/01\/Kiste-angekommen-aus-Rheinpfalz.jpg\">Z-Secco in der Antarktis angekommen! <img fetchpriority=\"high\" fetchpriority=\"high\" decoding=\"async\" class=\"alignnone size-medium wp-image-618\" src=\"https:\/\/imkerei-herweck.de\/wp-content\/uploads\/2021\/01\/Kiste-angekommen-aus-Rheinpfalz-262x300.jpg\" alt=\"\" width=\"262\" height=\"300\" srcset=\"https:\/\/imkerei-herweck.de\/wp-content\/uploads\/2021\/01\/Kiste-angekommen-aus-Rheinpfalz-262x300.jpg 262w, https:\/\/imkerei-herweck.de\/wp-content\/uploads\/2021\/01\/Kiste-angekommen-aus-Rheinpfalz.jpg 749w\" sizes=\"(max-width: 262px) 100vw, 262px\" \/><\/a><a href=\"https:\/\/imkerei-herweck.de\/wp-content\/uploads\/2021\/01\/Z-Secco-in-Kiste-scaled.jpg\"><img decoding=\"async\" class=\"alignnone size-medium wp-image-617\" src=\"https:\/\/imkerei-herweck.de\/wp-content\/uploads\/2021\/01\/Z-Secco-in-Kiste-300x200.jpg\" alt=\"\" width=\"300\" height=\"200\" srcset=\"https:\/\/imkerei-herweck.de\/wp-content\/uploads\/2021\/01\/Z-Secco-in-Kiste-300x200.jpg 300w, https:\/\/imkerei-herweck.de\/wp-content\/uploads\/2021\/01\/Z-Secco-in-Kiste-1024x683.jpg 1024w, https:\/\/imkerei-herweck.de\/wp-content\/uploads\/2021\/01\/Z-Secco-in-Kiste-768x512.jpg 768w, https:\/\/imkerei-herweck.de\/wp-content\/uploads\/2021\/01\/Z-Secco-in-Kiste-1536x1024.jpg 1536w, https:\/\/imkerei-herweck.de\/wp-content\/uploads\/2021\/01\/Z-Secco-in-Kiste-2048x1365.jpg 2048w\" sizes=\"(max-width: 300px) 100vw, 300px\" \/><\/a>Z-SECCO UNTERWEGS IN DIE ANTARKTIS<\/h1>\n<p>Der K\u00fcnstler Detlof Graf von Borries aus Zellertal hat das Etikett entworfen. Er symbolisiert damit das Zellertal, die Lage am Donnersberg, die Weinberge, den Zellertal-Radweg und die Wanderwege. \u00dcber allem ragt das Zellertaler Ehrenmal, das wie schon in der Grundsteinurkunde erw\u00e4hnt auch Einigkeit und Einheit des Zellertales zum Ausdruck bringen soll. Die von den Winzern f\u00fcr den Z-Secco ausgesuchten Pf\u00e4lzer und Rheinhessischen Weine werden im Weingut Krauss im Zellertal zusammengestellt, verperlt und abgef\u00fcllt.<\/p>\n<p>Damit diese Weinkiste bis zum Weihnachtsfest bei der Station ankommt, wurde sie am 31. August 2020 vor dem Lutherdenkmal in Worms versandfertig gemacht, vernagelt und an die Adresse Neumayer-Station III, 70. Breitengrad S\u00fcd, 8. L\u00e4ngengrad West, Antarktis versendet.<\/p>\n<\/div>\n\t\t\t\t<\/div>\n\t\t\t\t<\/div>\n\t\t\t\t<div class=\"elementor-element elementor-element-b8da250 elementor-widget elementor-widget-image\" data-id=\"b8da250\" data-element_type=\"widget\" data-widget_type=\"image.default\">\n\t\t\t\t<div class=\"elementor-widget-container\">\n\t\t\t\t\t\t\t\t\t\t\t\t\t<img loading=\"lazy\" decoding=\"async\" width=\"1536\" height=\"1536\" src=\"https:\/\/imkerei-herweck.de\/wp-content\/uploads\/2020\/02\/25-02-20-Z-S-5-1536x1536.jpeg\" class=\"attachment-1536x1536 size-1536x1536 wp-image-573\" alt=\"\" srcset=\"https:\/\/imkerei-herweck.de\/wp-content\/uploads\/2020\/02\/25-02-20-Z-S-5-1536x1536.jpeg 1536w, https:\/\/imkerei-herweck.de\/wp-content\/uploads\/2020\/02\/25-02-20-Z-S-5-300x300.jpeg 300w, https:\/\/imkerei-herweck.de\/wp-content\/uploads\/2020\/02\/25-02-20-Z-S-5-1024x1024.jpeg 1024w, https:\/\/imkerei-herweck.de\/wp-content\/uploads\/2020\/02\/25-02-20-Z-S-5-150x150.jpeg 150w, https:\/\/imkerei-herweck.de\/wp-content\/uploads\/2020\/02\/25-02-20-Z-S-5-768x768.jpeg 768w, https:\/\/imkerei-herweck.de\/wp-content\/uploads\/2020\/02\/25-02-20-Z-S-5.jpeg 2048w\" sizes=\"(max-width: 1536px) 100vw, 1536px\" \/>\t\t\t\t\t\t\t\t\t\t\t\t\t<\/div>\n\t\t\t\t<\/div>\n\t\t\t\t<div class=\"elementor-element elementor-element-2bee292 elementor-widget elementor-widget-text-editor\" data-id=\"2bee292\" data-element_type=\"widget\" data-widget_type=\"text-editor.default\">\n\t\t\t\t<div class=\"elementor-widget-container\">\n\t\t\t\t\t\t\t<p>Bereits seit 2015 gibt es ihn schon, den Z-Secco, den Botschafter des Zellertals.<\/p>\n<p>Am Fastnachtsdienstag trafen sich Winzer aus dem rheinhessischen und pf\u00e4lzischen Teil des Zellertals um f\u00fcr den neuen Z-Secco Weine zusammenzustellen und daraus den Z-Secco 2020 zu kreieren.<\/p>\n<p>In diesem Jahr haben sich zur Verkostung der rheinhessischen und pf\u00e4lzischen Weine aus dem Zellertal die ehemalige Rheinhessische Weink\u00f6nigin Anna G\u00f6hring aus M\u00f6lsheim, Bernd Pfl\u00fcger vom Weingut Janson-Bernhard, Dirk Hagmaier vom Privat-Weingut Hagmaier, Moritz Himmel vom Weingut Schwan, Gerd G\u00f6hring von der Gutssch\u00e4nke Alte Brennerei, Joshua und Helmut Krauss vom Weingut Zellertaler Keller in den Dienst der Sache gestellt, um auch 2020 einen Secco zu pr\u00e4sentieren, der die Anspr\u00fcche \u201efruchtig, spritzig, grenzenlos\u201c erf\u00fcllt.<\/p>\n<p>F\u00fcr den Z-Secco werden ausschlie\u00dflich Weine aus dem Zellertal verwendet, dem einzigen Tal Deutschlands, in dem sich zwei Weinanbaugebiete, Rheinhessen und die Pfalz, treffen.<\/p>\n<p>Nachdem die Weine ausgesucht wurden, liefern die Zellertaler Weing\u00fcter in K\u00fcrze die Weine dem Weingut Krauss, Zellertaler Keller. Dort wird das Cuvee zusammengestellt und der Z-Secco in Flaschen gebracht.<\/p>\n<p>Ebenso besonders wie der Inhalt der Flaschen, ist das von Detlof Graf von Borries aus Zellertal-Niefernheim entworfene Etikett. Es symbolisiert die besondere Lage des Zellertales am Fu\u00dfe des Donnersberges, die rebenbewachsenen H\u00e4nge und das zum Wahrzeichen des Tales gewordene Ehrenmal. In diesem Etikett, einem rundum gelungenen \u201eHingucker\u201c, findet man auch die Symbolik des Zellertal-Radweges\u00a0\u00a0\u00a0\u00a0\u00a0\u00a0\u00a0\u00a0\u00a0\u00a0\u00a0\u00a0\u00a0\u00a0\u00a0\u00a0\u00a0\u00a0\u00a0\u00a0\u00a0\u00a0\u00a0\u00a0\u00a0\u00a0\u00a0\u00a0\u00a0\u00a0\u00a0\u00a0\u00a0\u00a0\u00a0\u00a0\u00a0\u00a0\u00a0\u00a0\u00a0\u00a0\u00a0\u00a0\u00a0\u00a0\u00a0\u00a0\u00a0\u00a0\u00a0 <a href=\"https:\/\/www.rheinhessen.de\/zellertal-radweg\" data-wplink-edit=\"true\">https:\/\/www.rheinhessen.de\/zellertal-radweg\u00a0<\/a> oder<\/p>\n<p><a href=\"https:\/\/www.pfalz.de\/de\/route\/zellertal-radweg\">https:\/\/www.pfalz.de\/de\/route\/zellertal-radweg<\/a><\/p>\n<p>und der Wanderwege (<a href=\"http:\/\/www.zellertalweg.de\">www.zellertalweg.de<\/a> ) wieder.<\/p>\n<p>Zum \u201eSattelfest auf dem Zellertal-Radweg\u201c im September 2015 wurde der \u201eZellertal-Secco\u201c erstmals ausgeschenkt und fand sofort gro\u00dfen Anklang. Jetzt steht der neue Z-Secco 2020 bald wieder zur Verf\u00fcgung. Selbstverst\u00e4ndlich wird er auch wieder beim Sattelfest auf dem Zellertal-Radweg am 13. September 2020 unseren G\u00e4sten kredenzt.<\/p>\n<p>Winzer, die Gastronomie und der Handel, die diesen k\u00f6stlichen Botschafter des Zellertals in ihr Angebot aufnehmen oder nachbestellen m\u00f6chten, k\u00f6nnen sich an den Verein \u201eZellertal-aktiv\u201c (<a href=\"http:\/\/www.zellertal-aktiv.de\">www.zellertal-aktiv.de<\/a> ) oder das Weingut Krau\u00df in Zell (<a href=\"http:\/\/www.weingutkrauss-zellertal.de\">www.weingutkrauss-zellertal.de<\/a> ) wenden oder per Email an: Zellertal-Secco@online.de<\/p>\n<p>Privatpersonen k\u00f6nnen den Z-Secco bei den meisten Winzern, der Gastronomie und im Handel im Zellertal erwerben.<\/p>\n<p>Zellertal-aktiv<\/p>\n<p>i.A. S+G Herweck<\/p>\t\t\t\t\t\t<\/div>\n\t\t\t\t<\/div>\n\t\t\t\t\t<\/div>\n\t\t<\/div>\n\t\t\t\t\t<\/div>\n\t\t<\/section>\n\t\t\t\t<section class=\"elementor-section elementor-top-section elementor-element elementor-element-4356c2ca elementor-section-boxed elementor-section-height-default elementor-section-height-default\" data-id=\"4356c2ca\" data-element_type=\"section\">\n\t\t\t\t\t\t<div class=\"elementor-container elementor-column-gap-default\">\n\t\t\t\t\t<div class=\"elementor-column elementor-col-100 elementor-top-column elementor-element elementor-element-6c5829a2\" data-id=\"6c5829a2\" data-element_type=\"column\">\n\t\t\t<div class=\"elementor-widget-wrap elementor-element-populated\">\n\t\t\t\t\t\t<div class=\"elementor-element elementor-element-6b50169f elementor-widget elementor-widget-text-editor\" data-id=\"6b50169f\" data-element_type=\"widget\" data-widget_type=\"text-editor.default\">\n\t\t\t\t<div class=\"elementor-widget-container\">\n\t\t\t\t\t\t\t<!-- wp:paragraph {\"fontSize\":\"large\"} -->\n<p class=\"has-large-font-size\">Ein Botschafter des Zellertals!<\/p>\n<!-- \/wp:paragraph -->\n\n<!-- wp:image {\"id\":392} -->\n<figure class=\"wp-block-image\"><img loading=\"lazy\" decoding=\"async\" width=\"666\" height=\"1000\" src=\"https:\/\/imkerei-herweck.de\/wp-content\/uploads\/2019\/01\/20151018-Z-Secco-010-klein-1.jpg\" alt=\"\" class=\"wp-image-392\" srcset=\"https:\/\/imkerei-herweck.de\/wp-content\/uploads\/2019\/01\/20151018-Z-Secco-010-klein-1.jpg 666w, https:\/\/imkerei-herweck.de\/wp-content\/uploads\/2019\/01\/20151018-Z-Secco-010-klein-1-200x300.jpg 200w\" sizes=\"(max-width: 666px) 100vw, 666px\" \/><figcaption><strong>Der K\u00fcnstler Detlof Graf von Borries aus Zellertal hat dieses Etikett entworfen. Er symbolisiert damit das Zellertal, die Lage am Donnersberg, die Weinberge, den Zellertal-Radweg und die Wanderwege. \u00dcber allem ragt das Zellertaler Ehrenmal, das wie schon in der Grundsteinurkunde erw\u00e4hnt auch Einigkeit und Einheit des Zellertales zum Ausdruck bringen soll. Der Z-Secco ist ein Cuv\u00e9e aus Zellertaler Weinen, sowohl vom rheinhessischen als auch vom pf\u00e4lzischen Weinanbaugebiet des Zellertales. <\/strong><\/figcaption><\/figure>\n<!-- \/wp:image -->\n\n<!-- wp:image {\"id\":395} -->\n<figure class=\"wp-block-image\"><img loading=\"lazy\" decoding=\"async\" width=\"759\" height=\"1024\" src=\"https:\/\/imkerei-herweck.de\/wp-content\/uploads\/2019\/01\/Z-Secco-759x1024.jpg\" alt=\"\" class=\"wp-image-395\" srcset=\"https:\/\/imkerei-herweck.de\/wp-content\/uploads\/2019\/01\/Z-Secco-759x1024.jpg 759w, https:\/\/imkerei-herweck.de\/wp-content\/uploads\/2019\/01\/Z-Secco-222x300.jpg 222w, https:\/\/imkerei-herweck.de\/wp-content\/uploads\/2019\/01\/Z-Secco-768x1037.jpg 768w, https:\/\/imkerei-herweck.de\/wp-content\/uploads\/2019\/01\/Z-Secco.jpg 852w\" sizes=\"(max-width: 759px) 100vw, 759px\" \/><\/figure>\n<!-- \/wp:image -->\n\n<!-- wp:paragraph -->\n<p>Zum  Sattelfest auf dem Zellertal-Radweg im September 2015 wurde der  \u201eZellertal-Secco\u201c erstmals ausgeschenkt und fand sofort gro\u00dfen Anklang  weit \u00fcber die Grenzen seiner Heimat hinaus. Die erste Abf\u00fcllung war  innerhalb kurzer Zeit vergriffen. Erneut stellten sich Winzer des  Vereins Zellertal-aktiv in den Dienst der Sache. Sie lie\u00dfen sich vom  anerkannten Geschmack der Erstabf\u00fcllung leiten und kreierten  ausschlie\u00dflich aus Weinen des Zellertales den zweiten Jahrgang des  Z-Secco, dieses mal auch als Z-Secco ros\u00e9, ebenfalls \u2018fruchtig,  spritzig, grenzenlos\u2019, eben typisch Z-Secco. Ende 2017 wuchs die Z-Secco-Familie weiter: Den Z-Secco wei\u00df gibt es  jetzt auch als \u201cPiccolo\u201d in der handlichen 0,2 Liter Flasche, ideal f\u00fcr  den besonderen Schluck zwischendurch. Der Z-Secco, ein prickelnder Botschafter des Zellertales, ist bei vielen Winzer, Gastronomen und Gesch\u00e4ften des Tales erh\u00e4ltlich.<\/p>\n<!-- \/wp:paragraph -->\n\n<!-- wp:paragraph {\"fontSize\":\"medium\"} -->\n<p class=\"has-medium-font-size\"><strong>Zellertal-aktiv berichtete im Jahr 2015<\/strong><\/p>\n<!-- \/wp:paragraph -->\n\n<!-- wp:paragraph -->\n<p>Der Krei\u00dfsaal ist eine Abf\u00fcllanlage und das gerade geborene Kind ein Besonderes. Mitglieder des Vereines Zellertal-aktiv unter Federf\u00fchrung von Sigrid und Gunter Herweck aus Harxheim steckten ihre K\u00f6pfe zusammen und suchten nach einem Botschafter f\u00fcr das Zellertal. Was liegt in einer Weinregion n\u00e4her als der Rebensaft, schlie\u00dflich ist das Zellertal Deutschlands einziges Tal, in dem zwei Weinanbaugebiete sich treffen: Rheinhessen und die Pfalz. <\/p>\n<!-- \/wp:paragraph -->\n\n<!-- wp:paragraph -->\n<p>Schnell war die L\u00f6sung gefunden: \u201eWir kreieren einen Secco&#8220;. <\/p>\n<!-- \/wp:paragraph -->\n\n<!-- wp:paragraph -->\n<p>Winzer beider Anbaugebiete stellten Weine zur Verf\u00fcgung und kreierten ein Cuv\u00e9e unter dem Motto: <strong>fruchtig, spritzig, grenzenlos.<\/strong><\/p>\n<!-- \/wp:paragraph -->\n\n<!-- wp:paragraph -->\n<p>In der vergangenen\nWoche wurde er in Flaschen gef\u00fcllt, der &#8222;Zellertal- Secco&#8220;.<\/p>\n<!-- \/wp:paragraph -->\n\n<!-- wp:paragraph -->\n<p>Detlof von Borries. K\u00fcnstler aus Zellertal-Niefernheim lie\u00df es sich nicht nehmen, das Etikett zu gestalten. Er komponierte die Silhouette des Donnersberges, das Zellertal, die Rebh\u00e4nge und die Symbolik des Rad- und Wanderweges zu einem gekonnten Ganzen.<\/p>\n<!-- \/wp:paragraph -->\n\n<!-- wp:paragraph -->\n<p>Zum &#8222;Sattelfest auf dem Zellertal-Radweg&#8220; am vergangenen Wochenende wurde er an allen Stationen erstmals ausgeschenkt. Ab dieser Woche haben viele Winzer, Gastronomen und Gesch\u00e4fte zwischen Monsheim und Marnheim den ,,Zellertal-Secco&#8220; als neuen Botschafter ihrer Heimat im Sortiment. Seinen ersten Auftritt bei einer Festveranstaltung wird der Z-Secco am 15. Oktober in Kirchheimbolanden haben. Dann werden ihn alle G\u00e4ste der Siegerehrung zum Bezirksentscheid des Wettbewerbes \u201eUnser Dorf hat Zukunft&#8220; genie\u00dfen k\u00f6nnen. Er scheint bereits Freunde gefunden zu haben, denn die Vorr\u00e4te der ersten Charge sind schon aufgebraucht. <\/p>\n<!-- \/wp:paragraph -->\t\t\t\t\t\t<\/div>\n\t\t\t\t<\/div>\n\t\t\t\t\t<\/div>\n\t\t<\/div>\n\t\t\t\t\t<\/div>\n\t\t<\/section>\n\t\t\t\t<\/div>\n\t\t","protected":false},"excerpt":{"rendered":"<p>Das neue Etikett wurde 2023 von der Weinkontrolle genehmigt!Auch dieses Etikett wurde von dem K\u00fcnstler Detlof Graf von Borries aus Zellertal entworfen. Bereits seit 2015 gibt es ihn schon, den Z-Secco, den Botschafter des Zellertals&#8230;.<\/p>\n","protected":false},"author":3,"featured_media":0,"parent":0,"menu_order":0,"comment_status":"closed","ping_status":"closed","template":"","meta":[],"_links":{"self":[{"href":"https:\/\/imkerei-herweck.de\/index.php?rest_route=\/wp\/v2\/pages\/385"}],"collection":[{"href":"https:\/\/imkerei-herweck.de\/index.php?rest_route=\/wp\/v2\/pages"}],"about":[{"href":"https:\/\/imkerei-herweck.de\/index.php?rest_route=\/wp\/v2\/types\/page"}],"author":[{"embeddable":true,"href":"https:\/\/imkerei-herweck.de\/index.php?rest_route=\/wp\/v2\/users\/3"}],"replies":[{"embeddable":true,"href":"https:\/\/imkerei-herweck.de\/index.php?rest_route=%2Fwp%2Fv2%2Fcomments&post=385"}],"version-history":[{"count":25,"href":"https:\/\/imkerei-herweck.de\/index.php?rest_route=\/wp\/v2\/pages\/385\/revisions"}],"predecessor-version":[{"id":758,"href":"https:\/\/imkerei-herweck.de\/index.php?rest_route=\/wp\/v2\/pages\/385\/revisions\/758"}],"wp:attachment":[{"href":"https:\/\/imkerei-herweck.de\/index.php?rest_route=%2Fwp%2Fv2%2Fmedia&parent=385"}],"curies":[{"name":"wp","href":"https:\/\/api.w.org\/{rel}","templated":true}]}}