{"id":340,"date":"2019-01-02T22:33:01","date_gmt":"2019-01-02T22:33:01","guid":{"rendered":"http:\/\/imkerei-herweck.de\/?page_id=340"},"modified":"2023-12-31T16:52:11","modified_gmt":"2023-12-31T16:52:11","slug":"freifunk-in-harxheim","status":"publish","type":"page","link":"https:\/\/imkerei-herweck.de\/?page_id=340","title":{"rendered":"Freifunk, Notfalldose und Defibrillator in Zellertal, Ortsteil Harxheim"},"content":{"rendered":"\t\t<div data-elementor-type=\"wp-page\" data-elementor-id=\"340\" class=\"elementor elementor-340\">\n\t\t\t\t\t\t<section class=\"elementor-section elementor-top-section elementor-element elementor-element-26f61da elementor-section-boxed elementor-section-height-default elementor-section-height-default\" data-id=\"26f61da\" data-element_type=\"section\">\n\t\t\t\t\t\t<div class=\"elementor-container elementor-column-gap-default\">\n\t\t\t\t\t<div class=\"elementor-column elementor-col-100 elementor-top-column elementor-element elementor-element-b3a9c3a\" data-id=\"b3a9c3a\" data-element_type=\"column\">\n\t\t\t<div class=\"elementor-widget-wrap elementor-element-populated\">\n\t\t\t\t\t\t<div class=\"elementor-element elementor-element-657fb83 elementor-widget elementor-widget-heading\" data-id=\"657fb83\" data-element_type=\"widget\" data-widget_type=\"heading.default\">\n\t\t\t\t<div class=\"elementor-widget-container\">\n\t\t\t<h2 class=\"elementor-heading-title elementor-size-default\">2023<br><br>Das Orga-Team \"Zauberhaftes Zellertal\" in Harxheim hat den \u00dcberschuss der Veranstaltungen in Harxheim aus dem Jahr 2023 zur Beschaffung eines zweiten Defibrillators eingesetzt. Das Ger\u00e4t ist an der Turnhalle der Zellertal-Schule installiert. Finanziell unterst\u00fctzt wurde die Anschaffung von der Verbandsgemeinde G\u00f6llheim sowie dem Sportbund Pfalz. Vielen Dank an alle Beteiligten!<br><\/h2>\t\t<\/div>\n\t\t\t\t<\/div>\n\t\t\t\t<div class=\"elementor-element elementor-element-67190e3 elementor-widget elementor-widget-image\" data-id=\"67190e3\" data-element_type=\"widget\" data-widget_type=\"image.default\">\n\t\t\t\t<div class=\"elementor-widget-container\">\n\t\t\t\t\t\t\t\t\t\t\t\t\t<img fetchpriority=\"high\" decoding=\"async\" width=\"1000\" height=\"750\" src=\"https:\/\/imkerei-herweck.de\/wp-content\/uploads\/2023\/12\/Defi-an-Sporthalle.jpg\" class=\"attachment-large size-large wp-image-809\" alt=\"\" srcset=\"https:\/\/imkerei-herweck.de\/wp-content\/uploads\/2023\/12\/Defi-an-Sporthalle.jpg 1000w, https:\/\/imkerei-herweck.de\/wp-content\/uploads\/2023\/12\/Defi-an-Sporthalle-300x225.jpg 300w, https:\/\/imkerei-herweck.de\/wp-content\/uploads\/2023\/12\/Defi-an-Sporthalle-768x576.jpg 768w\" sizes=\"(max-width: 1000px) 100vw, 1000px\" \/>\t\t\t\t\t\t\t\t\t\t\t\t\t<\/div>\n\t\t\t\t<\/div>\n\t\t\t\t<div class=\"elementor-element elementor-element-9e338a8 elementor-widget elementor-widget-image\" data-id=\"9e338a8\" data-element_type=\"widget\" data-widget_type=\"image.default\">\n\t\t\t\t<div class=\"elementor-widget-container\">\n\t\t\t\t\t\t\t\t\t\t\t\t\t<img decoding=\"async\" width=\"1000\" height=\"750\" src=\"https:\/\/imkerei-herweck.de\/wp-content\/uploads\/2023\/12\/Einweisung.jpg\" class=\"attachment-large size-large wp-image-811\" alt=\"\" srcset=\"https:\/\/imkerei-herweck.de\/wp-content\/uploads\/2023\/12\/Einweisung.jpg 1000w, https:\/\/imkerei-herweck.de\/wp-content\/uploads\/2023\/12\/Einweisung-300x225.jpg 300w, https:\/\/imkerei-herweck.de\/wp-content\/uploads\/2023\/12\/Einweisung-768x576.jpg 768w\" sizes=\"(max-width: 1000px) 100vw, 1000px\" \/>\t\t\t\t\t\t\t\t\t\t\t\t\t<\/div>\n\t\t\t\t<\/div>\n\t\t\t\t<div class=\"elementor-element elementor-element-3fe6eca elementor-drop-cap-yes elementor-drop-cap-view-default elementor-widget elementor-widget-text-editor\" data-id=\"3fe6eca\" data-element_type=\"widget\" data-settings=\"{&quot;drop_cap&quot;:&quot;yes&quot;}\" data-widget_type=\"text-editor.default\">\n\t\t\t\t<div class=\"elementor-widget-container\">\n\t\t\t\t\t\t\t<h2>2018<\/h2>\n<div><strong>Notfalldose und Defibrillator in Zellertal, Ortsteil Harxheim<\/strong><\/div>\n<div>\u00a0<\/div>\n<div>Im Jahr 2018 fand zum zweiten Mal die Veranstaltung &#8222;Haschemer fer Haschem&#8220; statt. Das Orga-Team &#8222;Zauberhaftes Zellertal&#8220; dankt allen Mitwirkenden, Helfern, Unterst\u00fctzern und Besuchern. Der Erl\u00f6s dieser Veranstaltung sollte wieder den B\u00fcrgerinnen und B\u00fcrgern von Harxheim zugutekommen. Alle Harxheimer Haushalte wurden mit Flyern \u00fcber die geplante Ma\u00dfnahme mit folgenden B\u00fcrgerbriefen informiert:<\/div>\n<div>\u00a0<\/div>\n<div><a href=\"https:\/\/imkerei-herweck.de\/wp-content\/uploads\/2019\/10\/B\u00fcrgerbrief-1-2.pdf\" target=\"_blank\" rel=\"noopener\">B\u00fcrgerbrief-1<\/a><\/div>\n<div><a href=\"https:\/\/imkerei-herweck.de\/wp-content\/uploads\/2019\/10\/B\u00fcrgerbrief-2.pdf\" target=\"_blank\" rel=\"noopener\">B\u00fcrgerbrief-2<\/a><\/div>\n<div>\n<p><a href=\"https:\/\/imkerei-herweck.de\/wp-content\/uploads\/2019\/10\/DefiFlyer-23.10.19.pdf\">B\u00fcrgerbrief-3<\/a><\/p>\n<\/div>\n<div>\u00a0<\/div>\t\t\t\t\t\t<\/div>\n\t\t\t\t<\/div>\n\t\t\t\t\t<\/div>\n\t\t<\/div>\n\t\t\t\t\t<\/div>\n\t\t<\/section>\n\t\t\t\t<section class=\"elementor-section elementor-top-section elementor-element elementor-element-fa20eaf elementor-section-boxed elementor-section-height-default elementor-section-height-default\" data-id=\"fa20eaf\" data-element_type=\"section\">\n\t\t\t\t\t\t<div class=\"elementor-container elementor-column-gap-default\">\n\t\t\t\t\t<div class=\"elementor-column elementor-col-100 elementor-top-column elementor-element elementor-element-45dc002b\" data-id=\"45dc002b\" data-element_type=\"column\">\n\t\t\t<div class=\"elementor-widget-wrap elementor-element-populated\">\n\t\t\t\t\t\t<div class=\"elementor-element elementor-element-153352a5 elementor-widget elementor-widget-text-editor\" data-id=\"153352a5\" data-element_type=\"widget\" data-widget_type=\"text-editor.default\">\n\t\t\t\t<div class=\"elementor-widget-container\">\n\t\t\t\t\t\t\t<p><!-- wp:paragraph --><\/p>\n<p><!-- \/wp:paragraph --><!-- wp:paragraph --><\/p>\n<h2><strong>2015 <br \/><\/strong><\/h2>\n<p><strong>Freies Internet in Zellertal, Ortsteil Harxheim<\/strong><\/p>\n<p><!-- \/wp:paragraph --><!-- wp:paragraph --><\/p>\n<p>Am 31. August 2015 wurden in Harxheim die ersten Router f\u00fcr freies Internet aufgestellt. Noch am gleichen Abend hatten gro\u00dfe Teile des Ortskerns WLAN. Dank der Kirchheimbolander &#8222;Freifunker&#8220;, den Herren Brand, Bock und Janson, war dies m\u00f6glich geworden. Finanziert wurde die Ma\u00dfnahme aus dem Erl\u00f6s der Auftaktveranstaltung &#8222;Zauberhaftes Zellertal &#8211; Haschemer fer Haschem&#8220;.<\/p>\n<p><!-- \/wp:paragraph --><!-- wp:paragraph --><\/p>\n<p>Dank an Alle, die dazu beigetragen haben.<\/p>\n<p><!-- \/wp:paragraph --><!-- wp:paragraph --><\/p>\n<p>&#8222;Orga-Team Zauberhaftes Zellertal&#8220;<\/p>\n<p><!-- \/wp:paragraph --><!-- wp:paragraph --><\/p>\n<p>Um die Vernetzung von Harxheim einzusehen, klicken Sie auf den Link:<\/p>\n<p><!-- \/wp:paragraph --><!-- wp:paragraph --><\/p>\n<p><a href=\"https:\/\/map.freifunk-westpfalz.de\/#!\/de\/map\/30b5c2bcf4ba\" target=\"_blank\" rel=\"noreferrer noopener\" aria-label=\" (\u00f6ffnet in neuem Tab)\">\u00dcbersicht der Vernetzung, Karten und Knoten<\/a><\/p>\n<p><!-- \/wp:paragraph --><\/p>\t\t\t\t\t\t<\/div>\n\t\t\t\t<\/div>\n\t\t\t\t\t<\/div>\n\t\t<\/div>\n\t\t\t\t\t<\/div>\n\t\t<\/section>\n\t\t\t\t<section class=\"elementor-section elementor-top-section elementor-element elementor-element-8662fe4 elementor-section-boxed elementor-section-height-default elementor-section-height-default\" data-id=\"8662fe4\" data-element_type=\"section\">\n\t\t\t\t\t\t<div class=\"elementor-container elementor-column-gap-default\">\n\t\t\t\t\t<div class=\"elementor-column elementor-col-100 elementor-top-column elementor-element elementor-element-7f9d0a9\" data-id=\"7f9d0a9\" data-element_type=\"column\">\n\t\t\t<div class=\"elementor-widget-wrap\">\n\t\t\t\t\t\t\t<\/div>\n\t\t<\/div>\n\t\t\t\t\t<\/div>\n\t\t<\/section>\n\t\t\t\t<section class=\"elementor-section elementor-top-section elementor-element elementor-element-6bbc064 elementor-section-boxed elementor-section-height-default elementor-section-height-default\" data-id=\"6bbc064\" data-element_type=\"section\">\n\t\t\t\t\t\t<div class=\"elementor-container elementor-column-gap-default\">\n\t\t\t\t\t<div class=\"elementor-column elementor-col-100 elementor-top-column elementor-element elementor-element-70b8b1e\" data-id=\"70b8b1e\" data-element_type=\"column\">\n\t\t\t<div class=\"elementor-widget-wrap\">\n\t\t\t\t\t\t\t<\/div>\n\t\t<\/div>\n\t\t\t\t\t<\/div>\n\t\t<\/section>\n\t\t\t\t<\/div>\n\t\t","protected":false},"excerpt":{"rendered":"<p>2023Das Orga-Team &#8222;Zauberhaftes Zellertal&#8220; in Harxheim hat den \u00dcberschuss der Veranstaltungen in Harxheim aus dem Jahr 2023 zur Beschaffung eines zweiten Defibrillators eingesetzt. Das Ger\u00e4t ist an der Turnhalle der Zellertal-Schule installiert. Finanziell unterst\u00fctzt wurde&#8230;<\/p>\n","protected":false},"author":3,"featured_media":0,"parent":0,"menu_order":0,"comment_status":"closed","ping_status":"closed","template":"","meta":[],"_links":{"self":[{"href":"https:\/\/imkerei-herweck.de\/index.php?rest_route=\/wp\/v2\/pages\/340"}],"collection":[{"href":"https:\/\/imkerei-herweck.de\/index.php?rest_route=\/wp\/v2\/pages"}],"about":[{"href":"https:\/\/imkerei-herweck.de\/index.php?rest_route=\/wp\/v2\/types\/page"}],"author":[{"embeddable":true,"href":"https:\/\/imkerei-herweck.de\/index.php?rest_route=\/wp\/v2\/users\/3"}],"replies":[{"embeddable":true,"href":"https:\/\/imkerei-herweck.de\/index.php?rest_route=%2Fwp%2Fv2%2Fcomments&post=340"}],"version-history":[{"count":42,"href":"https:\/\/imkerei-herweck.de\/index.php?rest_route=\/wp\/v2\/pages\/340\/revisions"}],"predecessor-version":[{"id":818,"href":"https:\/\/imkerei-herweck.de\/index.php?rest_route=\/wp\/v2\/pages\/340\/revisions\/818"}],"wp:attachment":[{"href":"https:\/\/imkerei-herweck.de\/index.php?rest_route=%2Fwp%2Fv2%2Fmedia&parent=340"}],"curies":[{"name":"wp","href":"https:\/\/api.w.org\/{rel}","templated":true}]}}