{"id":22,"date":"2018-12-29T19:06:28","date_gmt":"2018-12-29T19:06:28","guid":{"rendered":"http:\/\/imkerei-herweck.de\/?page_id=22"},"modified":"2020-01-19T17:05:04","modified_gmt":"2020-01-19T17:05:04","slug":"test","status":"publish","type":"page","link":"https:\/\/imkerei-herweck.de\/?page_id=22","title":{"rendered":"Links"},"content":{"rendered":"\t\t<div data-elementor-type=\"wp-post\" data-elementor-id=\"22\" class=\"elementor elementor-22\">\n\t\t\t\t\t\t<section class=\"elementor-section elementor-top-section elementor-element elementor-element-3305df29 elementor-section-boxed elementor-section-height-default elementor-section-height-default\" data-id=\"3305df29\" data-element_type=\"section\">\n\t\t\t\t\t\t<div class=\"elementor-container elementor-column-gap-default\">\n\t\t\t\t\t<div class=\"elementor-column elementor-col-100 elementor-top-column elementor-element elementor-element-7967f6ca\" data-id=\"7967f6ca\" data-element_type=\"column\">\n\t\t\t<div class=\"elementor-widget-wrap elementor-element-populated\">\n\t\t\t\t\t\t<div class=\"elementor-element elementor-element-24992d0a elementor-widget elementor-widget-text-editor\" data-id=\"24992d0a\" data-element_type=\"widget\" data-widget_type=\"text-editor.default\">\n\t\t\t\t<div class=\"elementor-widget-container\">\n\t\t\t\t\t\t\t<p>\u00a0<\/p>\n<p><!-- wp:heading --><\/p>\n<h2>Zellertalhonig gibt es bei:<\/h2>\n<p><!-- \/wp:heading --><!-- wp:list --><\/p>\n<ul>\n<li><a href=\"http:\/\/www.Arleshof.de\" target=\"_blank\" rel=\"noreferrer noopener\" aria-label=\" (\u00f6ffnet in neuem Tab)\">Arleshof, Kerzenheim<\/a><\/li>\n<li><a href=\"http:\/\/Obsthof-Enders.de\" target=\"_blank\" rel=\"noreferrer noopener\" aria-label=\" (\u00f6ffnet in neuem Tab)\">Obsthof Enders, Albisheim<\/a><\/li>\n<li><a href=\"http:\/\/www.Weinbau-Heinz.de\" target=\"_blank\" rel=\"noreferrer noopener\" aria-label=\"W (\u00f6ffnet in neuem Tab)\">W<\/a><a href=\"http:\/\/www.Weinbau-Heinz.de\">eingut Heinz, Wachenheim<\/a><\/li>\n<li><a href=\"https:\/\/hofladen-schuettler.de\/\">Weingut Sch\u00fcttler, Wachenheim<\/a><\/li>\n<li><a href=\"http:\/\/www.Sonnenhof-Bockenheim.de\" target=\"_blank\" rel=\"noreferrer noopener\" aria-label=\" (\u00f6ffnet in neuem Tab)\">Weingut Sonnenhof, Bockenheim<\/a><\/li>\n<li><a href=\"http:\/\/www.Lind-Zellertal.de\" target=\"_blank\" rel=\"noreferrer noopener\" aria-label=\" (\u00f6ffnet in neuem Tab)\">Metzgerei\/Gasthaus\/Hotel Lind, Zellertal<\/a><\/li>\n<li><a href=\"http:\/\/www.edeka.de\/eh\/s\u00fcdwest\/e-aktiv-markt-r\u00f6\u00df-stetter-stra\u00dfe-5\">EDEKA Albisheim<\/a><\/li>\n<li><a href=\"http:\/\/www.edeka.de\/eh\/s\u00fcdwest\/edeka-wollny-robert-bosch-str.-7\">EDEKA Monsheim<\/a><\/li>\n<\/ul>\n<p><!-- \/wp:list --><!-- wp:heading --><\/p>\n<h2>Weitere Links<\/h2>\n<p><!-- \/wp:heading --><!-- wp:list --><\/p>\n<ul>\n<li><a href=\"http:\/\/Digitalbild-Herweck.de\" target=\"_blank\" rel=\"noreferrer noopener\" aria-label=\" (\u00f6ffnet in neuem Tab)\">Digitalbild Herweck, Zellertal<\/a><\/li>\n<li><a href=\"http:\/\/www.Hotel-Kollektur.de\" target=\"_blank\" rel=\"noreferrer noopener\" aria-label=\"Hotel Kollektur (\u00f6ffnet in neuem Tab)\">Hotel Kollektur, Zellertal<\/a><\/li>\n<li><a href=\"http:\/\/www.wellers-weinhaeusel.de\" target=\"_blank\" rel=\"noreferrer noopener\" aria-label=\"Wellers Weinh\u00e4usel, Einselthum (\u00f6ffnet in neuem Tab)\">Wellers Weinh\u00e4usel, Einselthum<\/a><\/li>\n<li><a href=\"http:\/\/www.villawernz.de\" target=\"_blank\" rel=\"noreferrer noopener\" aria-label=\"G\u00e4stehaus Villa Wernz, Albisheim (\u00f6ffnet in neuem Tab)\">G\u00e4stehaus Villa Wernz, Albisheim<\/a><\/li>\n<li><a href=\"http:\/\/www.ferienwohnung-mueller-nierstein.de\" target=\"_blank\" rel=\"noreferrer noopener\" aria-label=\"Ferienwohnung M\u00fcller, Nierstein (\u00f6ffnet in neuem Tab)\">Ferienwohnung M\u00fcller, Nierstein<\/a><\/li>\n<li><a href=\"http:\/\/www.glaszuglas.de\" target=\"_blank\" rel=\"noreferrer noopener\" aria-label=\"Von Glas zu Glas (\u00f6ffnet in neuem Tab)\">Von Glas zu Glas, Marnheim<\/a><\/li>\n<li><a href=\"http:\/\/www.zellertal-aktiv.de\" target=\"_blank\" rel=\"noreferrer noopener\" aria-label=\"Zellertal-aktiv (\u00f6ffnet in neuem Tab)\">Zellertal-aktiv<\/a><\/li>\n<li><a href=\"https:\/\/www.zellertalweg.de\/\" target=\"_blank\" rel=\"noopener\">Zellertalweg<\/a><\/li>\n<li><a href=\"https:\/\/map.karlsruhe.freifunk.net\/#\/de\/map#!\/de\/map\/30b5c2228f04\" target=\"_blank\" rel=\"noopener\">Freifunk im Zellertal<\/a><\/li>\n<li><a href=\"http:\/\/www.bienenkunde.rlp.de\" target=\"_blank\" rel=\"noreferrer noopener\">Fachz<\/a><a href=\"http:\/\/www.bienenkunde.rlp.de\" target=\"_blank\" rel=\"noreferrer noopener\">entrum Bienen und Imkerei, Mayen<\/a><\/li>\n<\/ul>\n<p><!-- \/wp:list --><!-- wp:paragraph --><\/p>\n<p>LINKS<br \/>Erkl\u00e4rung: Mit Urteil vom 12. Mai 1998 &#8211; 312 O 85\/98 &#8211; &#8222;Haftung f\u00fcr Links&#8220; hat das Landgericht Hamburg entschieden, dass man durch die Anbringung eines Links die Inhalte der gelinkten Seite ggf. mit zu verantworten hat. Dies kann &#8211; so das Landgericht &#8211; nur dadurch verhindert werden, dass man sich ausdr\u00fccklich von diesen Inhalten distanziert. Das Urteil wurde mit Urteil vom 24. November 1998 &#8211; 11 S 4\/98 &#8211; &#8222;Verantwortlichkeit f\u00fcr fremde Inhalte&#8220; vom Landgericht L\u00fcbeck best\u00e4tigt.<br \/>Aus diesem Grund betonen wir ausdr\u00fccklich, dass wir keinerlei Einflu\u00df auf die Gestaltung und die Inhalte der gelinkten (Fremd-)Seiten haben. Deshalb distanzieren wir uns hiermit von allen Inhalten aller gelinkten (Fremd-)Seiten auf unserer gesamten Webseite, sowie allen Unterseiten. Diese Erkl\u00e4rung gilt f\u00fcr alle auf unserer Homepage ausgebrachten Links und f\u00fcr alle Inhalte der Seiten, zu denen Links oder Banner f\u00fchren.<\/p>\n<p><!-- \/wp:paragraph --><\/p>\t\t\t\t\t\t<\/div>\n\t\t\t\t<\/div>\n\t\t\t\t\t<\/div>\n\t\t<\/div>\n\t\t\t\t\t<\/div>\n\t\t<\/section>\n\t\t\t\t<\/div>\n\t\t","protected":false},"excerpt":{"rendered":"<p>\u00a0 Zellertalhonig gibt es bei: Arleshof, Kerzenheim Obsthof Enders, Albisheim Weingut Heinz, Wachenheim Weingut Sch\u00fcttler, Wachenheim Weingut Sonnenhof, Bockenheim Metzgerei\/Gasthaus\/Hotel Lind, Zellertal EDEKA Albisheim EDEKA Monsheim Weitere Links Digitalbild Herweck, Zellertal Hotel Kollektur, Zellertal Wellers&#8230;<\/p>\n","protected":false},"author":1,"featured_media":0,"parent":0,"menu_order":0,"comment_status":"closed","ping_status":"closed","template":"page-full.php","meta":[],"_links":{"self":[{"href":"https:\/\/imkerei-herweck.de\/index.php?rest_route=\/wp\/v2\/pages\/22"}],"collection":[{"href":"https:\/\/imkerei-herweck.de\/index.php?rest_route=\/wp\/v2\/pages"}],"about":[{"href":"https:\/\/imkerei-herweck.de\/index.php?rest_route=\/wp\/v2\/types\/page"}],"author":[{"embeddable":true,"href":"https:\/\/imkerei-herweck.de\/index.php?rest_route=\/wp\/v2\/users\/1"}],"replies":[{"embeddable":true,"href":"https:\/\/imkerei-herweck.de\/index.php?rest_route=%2Fwp%2Fv2%2Fcomments&post=22"}],"version-history":[{"count":39,"href":"https:\/\/imkerei-herweck.de\/index.php?rest_route=\/wp\/v2\/pages\/22\/revisions"}],"predecessor-version":[{"id":540,"href":"https:\/\/imkerei-herweck.de\/index.php?rest_route=\/wp\/v2\/pages\/22\/revisions\/540"}],"wp:attachment":[{"href":"https:\/\/imkerei-herweck.de\/index.php?rest_route=%2Fwp%2Fv2%2Fmedia&parent=22"}],"curies":[{"name":"wp","href":"https:\/\/api.w.org\/{rel}","templated":true}]}}